{"id":70,"date":"2018-08-27T21:16:26","date_gmt":"2018-08-27T13:16:26","guid":{"rendered":"https:\/\/jele.com\/?page_id=70"},"modified":"2022-06-19T22:59:42","modified_gmt":"2022-06-19T14:59:42","slug":"history","status":"publish","type":"page","link":"https:\/\/jele.com\/es\/history\/","title":{"rendered":"La historia"},"content":{"rendered":"<p>[et_pb_section fb_built=\u00bb1&#8243; _builder_version=\u00bb4.4.4&#8243; bottom_divider_style=\u00bbarrow3&#8243; bottom_divider_height=\u00bb20px\u00bb hover_enabled=\u00bb0&#8243; next_background_color=\u00bb#000000&#8243;][et_pb_row _builder_version=\u00bb4.4.4&#8243;][et_pb_column _builder_version=\u00bb4.4.4&#8243; type=\u00bb4_4&#8243;][et_pb_text _builder_version=\u00bb4.4.4&#8243; hover_enabled=\u00bb0&#8243;]<\/p>\n<div class=\"et_builder_inner_content et_pb_gutters3\">\n<p>Junio de 1984<br \/> Yueqing JinLe Electronic Equipment Co.,Ltd se fund\u00f3 en la Ciudad Leqing de Wenzhou de Zhejiang. Se dedic\u00f3 a la producci\u00f3n de piezas como interfaces de conexiones del sistema de audio.<\/p>\n<p>Junio de 1993<br \/> Se cre\u00f3 el Departamento de Operaciones de Estampado, dedic\u00e1ndose a dise\u00f1o y fabricaci\u00f3n de modelos y producci\u00f3n de piezas de estampado.<\/p>\n<p>Octubre de 1993<br \/> Se cre\u00f3 el Departamento de Operaciones de Inyecci\u00f3n, ofreciendo piezas pl\u00e1sticas para el micro motor el\u00e9ctrico y reproductor de DVD.<\/p>\n<p>Mayo de 1997<br \/> El nombre social se convirti\u00f3 en\u00a0Zhejiang JinLe Electronics Co., Ltd. Se cre\u00f3 el Departamento de Operaciones de Motor El\u00e9ctrico, ofreciendo producci\u00f3n y venta de todo el proceso de micro motor el\u00e9ctrico de estampado, soldadura, producci\u00f3n y montaje de panel de circuito.<\/p>\n<p>Enero de 2005<br \/> Se cre\u00f3 el Departamento de Operaciones de Fotoelectricidad, produciendo piezas de fotoelectricidad, la mayor\u00eda de las cuales son generadores y receptores de se\u00f1al de rayos infrarrojos.<\/p>\n<p>Enero de 2006<br \/> JELE Optical &amp; Machine Electronics (Shanghai) CO.,LTD. se cre\u00f3 en el Distrito Songjiang de la Ciudad Shanghai. La compa\u00f1\u00eda se dedic\u00f3 a investigar, desarrollar, producir y vender preciso estampado met\u00e1lico, y en el mismo a\u00f1o, se hizo un proveedor cualificado del Grupo PANDUIT.<\/p>\n<p>Enero de 2007<br \/> JELE Optical &amp; Machine Electronics se hizo un global proveedor cualificado para General Electric, ofreci\u00e9ndole una serie de precisos productos de estampado.<\/p>\n<p>Abril de 2008<br \/> JELE Optical &amp; Machine Electronics empez\u00f3 a ofrecer una serie de productos para los departamentos de nueva energ\u00eda en diferentes lugares de General Electric de Estados Unidos.<\/p>\n<p>Junio de 2009<br \/> JELE Optical &amp; Machine Electronics se certific\u00f3 como un proveedor cualificado del Grupo ABB, y en el mismo a\u00f1o, empez\u00f3 a ofrecerle piezas el\u00e9ctricas de baja tensi\u00f3n.<\/p>\n<p>Julio de 2010<br \/> JELE Optical &amp; Machine Electronics empez\u00f3 a ofrecer piezas de revestimiento met\u00e1lico para computadora port\u00e1til al Grupo Kaisheng y al Grupo Dayu de Taiw\u00e1n. En el mismo a\u00f1o, introdujo el proceso de CNC (centro de proceso de datos), con capacidades de administraci\u00f3n y control de producci\u00f3n de todo el proceso de piezas de apariencia de computadoras port\u00e1tiles tales como penetraci\u00f3n, estampado, procesamiento de CNC, pulimento, arenado, trefilado de alambres, \u00e1nodo, grabado de l\u00e1ser, montaje.<\/p>\n<p>Julio de 2014<br \/> JELE Optical &amp; Machine Electronics empez\u00f3 a ofrecer piezas de nuevos m\u00f3biles de A**LE al Singapore Hi-p Group.<\/p>\n<p>Mayo de 2015<br \/> JELE Optical &amp; Machine Electronics empez\u00f3 a ampliar a gran escala dispositivos de CNC (centro de proceso de datos).<\/p>\n<\/div>\n<p>[\/et_pb_text][\/et_pb_column][\/et_pb_row][\/et_pb_section]<\/p>\n","protected":false},"excerpt":{"rendered":"<p>Junio de 1984 Yueqing JinLe Electronic Equipment Co.,Ltd se fund\u00f3 en la Ciudad Leqing de Wenzhou de Zhejiang. Se dedic\u00f3 a la producci\u00f3n de piezas como interfaces de conexiones del sistema de audio. Junio de 1993 Se cre\u00f3 el Departamento de Operaciones de Estampado, dedic\u00e1ndose a dise\u00f1o y fabricaci\u00f3n de modelos y producci\u00f3n de piezas [&hellip;]<\/p>\n","protected":false},"author":1,"featured_media":0,"parent":0,"menu_order":0,"comment_status":"closed","ping_status":"closed","template":"","meta":{"_et_pb_use_builder":"on","_et_pb_old_content":"1984\u5e746\u6708\r\n\u4e50\u6e05\u6d25\u4e50\u7535\u5b50\u5668\u6750\u5382\u5728\u6d59\u6c5f\u6e29\u5dde\u4e50\u6e05\u5e02\u6210\u7acb\u3002\u516c\u53f8\u4e13\u6ce8\u4e8e\u97f3\u89c6\u9891\u7cfb\u7edf\u63a5\u63d2\u4ef6\u7b49\u90e8\u4ef6\u7684\u751f\u4ea7\u3002\r\n1993\u5e746\u6708\r\n\u51b2\u538b\u4e8b\u4e1a\u90e8\u6210\u7acb\uff0c\u4e3b\u653b\u6a21\u5177\u8bbe\u8ba1\u5236\u9020\u548c\u51b2\u538b\u4ef6\u751f\u4ea7\u3002\r\n1993\u5e7410\u6708\r\n\u6ce8\u5851\u4e8b\u4e1a\u90e8\u6210\u7acb\uff0c\u4e3a\u5fae\u578b\u7535\u673a\u548cDVD\u64ad\u653e\u673a\u63d0\u4f9b\u5851\u80f6\u90e8\u4ef6\u3002\r\n1997\u5e745\u6708\r\n\u516c\u53f8\u66f4\u540d\u4e3a\u6d59\u6c5f\u6d25\u4e50\u7535\u5b50\u6709\u9650\u516c\u53f8\u3002\u7535\u673a\u4e8b\u4e1a\u90e8\u6210\u7acb\uff0c\u5f00\u59cb\u4e3a\u6c7d\u8f66\u97f3\u54cd\u7cfb\u7edf\u548cDVD\u64ad\u653e\u673a\u63d0\u4f9b\u4ece\u51b2\u538b\u3001\u710a\u63a5\u3001\u7535\u8def\u677f\u5236\u9020\u5230\u7ec4\u88c5\u7684\u5fae\u578b\u7535\u673a\u5168\u5236\u7a0b\u5236\u9020\u548c\u9500\u552e\u3002\r\n2005\u5e741\u6708\r\n\u5149\u7535\u4e8b\u4e1a\u90e8\u6210\u7acb\uff0c\u751f\u4ea7\u4ee5\u7ea2\u5916\u7ebf\u4fe1\u53f7\u53d1\u751f\u5668\u548c\u63a5\u6536\u5668\u4e3a\u4ee3\u8868\u7684\u5149\u7535\u5143\u5668\u4ef6\u3002\r\n2006\u5e741\u6708\r\n\u4e0a\u6d77\u6377\u6717\u673a\u7535\u6709\u9650\u516c\u53f8\u5728\u4e0a\u6d77\u5e02\u677e\u6c5f\u533a\u6210\u7acb\u3002\u516c\u53f8\u4e13\u6ce8\u4e8e\u7814\u53d1\u3001\u751f\u4ea7\u548c\u9500\u552e\u91d1\u5c5e\u7cbe\u5bc6\u51b2\u538b\u4ef6\uff0c\u540c\u5e74\u6210\u4e3a\u7f8e\u56fd\u6cdb\u8fbe\u96c6\u56e2\u5168\u7403\u5408\u683c\u4f9b\u5e94\u5546\u3002\r\n2007\u5e741\u6708\r\n\u6377\u6717\u673a\u7535\u6210\u4e3a\u7f8e\u56fd\u901a\u7528\u7535\u6c14\u5168\u7403\u5408\u683c\u4f9b\u5e94\u5546\uff0c\u5f00\u59cb\u5411\u5176\u63d0\u4f9b\u4e00\u7cfb\u5217\u7cbe\u5bc6\u51b2\u538b\u4ea7\u54c1\u3002\r\n2008\u5e744\u6708\r\n\u6377\u6717\u673a\u7535\u5f00\u59cb\u4e3a\u7f8e\u56fd\u901a\u7528\u7535\u6c14\u5728\u5168\u7403\u5404\u5730\u7684\u65b0\u80fd\u6e90\u90e8\u95e8\u63d0\u4f9b\u4e00\u7cfb\u5217\u4ea7\u54c1\u3002\r\n2009\u5e746\u6708\r\n\u6377\u6717\u673a\u7535\u88ab\u8ba4\u8bc1\u4e3aABB\u96c6\u56e2\u5408\u683c\u4f9b\u5e94\u5546\uff0c\u540c\u5e74\u5f00\u59cb\u4e3a\u5176\u63d0\u4f9b\u4f4e\u538b\u7535\u5668\u90e8\u4ef6\u3002\r\n2010\u5e747\u6708\r\n\u6377\u6717\u673a\u7535\u5f00\u59cb\u4e3a\u53f0\u6e7e\u94e0\u80dc\u96c6\u56e2\u548c\u5927\u715c\u96c6\u56e2\u63d0\u4f9b\u7b14\u8bb0\u672c\u91d1\u5c5e\u5916\u58f3\u90e8\u4ef6\u3002\u540c\u5e74\u6377\u6717\u673a\u7535\u5f00\u59cb\u5bfc\u5165CNC\uff08\u6570\u63a7\u52a0\u5de5\u4e2d\u5fc3\uff09\u5236\u7a0b\uff0c\u5177\u5907\u5f00\u6a21\u3001\u51b2\u538b\u3001CNC\u52a0\u5de5\u3001\u6253\u78e8\u3001\u55b7\u7802\u3001\u62c9\u4e1d\u3001\u9633\u6781\u3001\u956d\u96d5\u3001\u7ec4\u88c5\u7b49\u7b14\u8bb0\u672c\u5916\u89c2\u4ef6\u5168\u5236\u7a0b\u751f\u4ea7\u7ba1\u63a7\u80fd\u529b\u3002\r\n2014\u5e747\u6708\r\n\u6377\u6717\u673a\u7535\u5f00\u59cb\u4e3a\u65b0\u52a0\u5761\u8d6b\u6bd4\u96c6\u56e2\u63d0\u4f9bA**LE\u65b0\u6b3e\u624b\u673a\u7ed3\u6784\u4ef6\u3002\r\n2015\u5e745\u6708\r\n\u6377\u6717\u673a\u7535\u5f00\u59cb\u5927\u89c4\u6a21\u6269\u5145CNC\u8bbe\u5907\uff08\u6570\u63a7\u52a0\u5de5\u4e2d\u5fc3\uff09\u3002","_et_gb_content_width":"","footnotes":""},"yst_prominent_words":[],"class_list":["post-70","page","type-page","status-publish","hentry"],"_links":{"self":[{"href":"https:\/\/jele.com\/es\/wp-json\/wp\/v2\/pages\/70","targetHints":{"allow":["GET"]}}],"collection":[{"href":"https:\/\/jele.com\/es\/wp-json\/wp\/v2\/pages"}],"about":[{"href":"https:\/\/jele.com\/es\/wp-json\/wp\/v2\/types\/page"}],"author":[{"embeddable":true,"href":"https:\/\/jele.com\/es\/wp-json\/wp\/v2\/users\/1"}],"replies":[{"embeddable":true,"href":"https:\/\/jele.com\/es\/wp-json\/wp\/v2\/comments?post=70"}],"version-history":[{"count":0,"href":"https:\/\/jele.com\/es\/wp-json\/wp\/v2\/pages\/70\/revisions"}],"wp:attachment":[{"href":"https:\/\/jele.com\/es\/wp-json\/wp\/v2\/media?parent=70"}],"wp:term":[{"taxonomy":"yst_prominent_words","embeddable":true,"href":"https:\/\/jele.com\/es\/wp-json\/wp\/v2\/yst_prominent_words?post=70"}],"curies":[{"name":"wp","href":"https:\/\/api.w.org\/{rel}","templated":true}]}}