{"id":64,"date":"2018-08-27T21:15:19","date_gmt":"2018-08-27T13:15:19","guid":{"rendered":"https:\/\/jele.com\/?page_id=64"},"modified":"2022-06-19T22:58:55","modified_gmt":"2022-06-19T14:58:55","slug":"profile","status":"publish","type":"page","link":"https:\/\/jele.com\/es\/profile\/","title":{"rendered":"Sobre la"},"content":{"rendered":"<p>[et_pb_section fb_built=\u00bb1&#8243; _builder_version=\u00bb4.4.4&#8243; bottom_divider_style=\u00bbarrow3&#8243; bottom_divider_height=\u00bb20px\u00bb hover_enabled=\u00bb0&#8243; next_background_color=\u00bb#000000&#8243;][et_pb_row _builder_version=\u00bb4.4.4&#8243;][et_pb_column _builder_version=\u00bb4.4.4&#8243; type=\u00bb4_4&#8243;][et_pb_text _builder_version=\u00bb4.4.4&#8243; hover_enabled=\u00bb0&#8243;]<\/p>\n<div class=\"et_builder_inner_content et_pb_gutters3\">\n<p>JELE Optical &amp; Machine Electronics (Shanghai) CO.,LTD. es una sociedad an\u00f3mina invertida por JELE en Shanghai.<\/p>\n<p>JELE es una empresa de fabricaci\u00f3n de componentes el\u00e9ctricos y electr\u00f3nicos profesional de tipo grupo. JELE respectivamente establece centros de I + D y f\u00e1bricas en la ciudad de Shanghai, la ciudad de Wenzhou, provincia de Zhejiang y la ciudad de Xiamen, provincia de Fujian, y empresa de ventas en la ciudad de Shenzhen. La Planta ocupa 25.000 metros cuadrados y los empleos actualmente son de 500 personas, incluyendo personal t\u00e9cnico de 65 personas.<\/p>\n<p>La empresa se dedica principalmente al desarrollo, producci\u00f3n y venta de piezas de autom\u00f3viles, dispositivos optoelectr\u00f3nicos, equipos de comunicaciones, accesorios el\u00e9ctricos, maquinaria y equipo, fabricaci\u00f3n de moldes, estampaci\u00f3n de piezas met\u00e1licas de precisi\u00f3n, etc.<\/p>\n<p>La empresa cuenta con un grupo de talentos de gesti\u00f3n y de investigaci\u00f3n en departamentos de I + D, fabricaci\u00f3n, ventas, etc, entre los cuales m\u00e1s de la mitad del personal tiene t\u00edtulo universitario o superior, muchos de ellos tienen experiencias en dise\u00f1o, fabricaci\u00f3n y gesti\u00f3n de las empresas de propiedad estatal militares o f\u00e1bricas de inversi\u00f3n japonesa o taiwanesa.<\/p>\n<p>La f\u00e1brica JELE de la ciudad de Wenzhou, provincia de Zhejiang aprob\u00f3 la certificaci\u00f3n ISO9002 en 1998, en 2000 logr\u00f3 la certificaci\u00f3n ISO9001, adquiri\u00f3 derecho de importaci\u00f3n y exportaci\u00f3n, gan\u00f3 el t\u00edtulo \u00abEmpresa de Cr\u00e9dito AAA\u00bb del Banco Agr\u00edcola de China, obtuvo el t\u00edtulo \u00abEmpresa Fiel de Confianza\u00bb de Oficina de Comercio e Industria, gan\u00f3 el t\u00edtulo \u00abEmpresa Contribuyente Avanzada\u00bbde la Agencia Tributaria Estatal.<\/p>\n<p>JELE presta mucha atenci\u00f3n a la innovaci\u00f3n y la protecci\u00f3n de los derechos de propiedad intelectual, JELE posee marca propia y muchas patentes, pertenece al Programa de la Antorcha de China, se trata de una empresa de alta tecnolog\u00eda en la provincia de Zhejiang, ha ganado muchos premios del gobierno.<\/p>\n<p>La empresa est\u00e1 equipada con soldadores de hilos FB-118C hechos por Jap\u00f3n para producir dispositivos optoelectr\u00f3nicos, wire bonder AD805M-06 producido por Holanda, wire bonder 806 producido por ASM de los Estados Unidos, un conjunto de equipos de mecanizado de precisi\u00f3n de WEDM-LS, EDM, centros de mecanizado CNC,tornos, fresadoras, cepilladora, rectificadora y otras m\u00e1quinas para fabricar moldes. Tiene prensas de alta y media velocidad de 50 unidades de 16 toneladas a 200 toneladas para fabricar piezas estampadas, centro de mecanizado de alta velocidad (CNC)de m\u00e1s de 90 unidades. La empresa tambi\u00e9n cuenta con indicador de altura CX1 y instrumento del ronda MMQ 10, as\u00ed como instrumento de mapeo bidimensional XY3020 producidos por Alemania. Equipos de fabricaci\u00f3n eficientes y instrumentos de medici\u00f3n sofisticados aseguran la calidad de productos y la eficiencia de la producci\u00f3n de la empresa.<\/p>\n<p>JELE cree que la calidad del producto es la base de ganar clientes, por eso introduce equipos clave de producci\u00f3n y detecci\u00f3n procedentes de empresas MARH de Alemania, Mitutoyo Nittoku de Jap\u00f3n, K \u200b\u200b&amp; S de Estados Unidos, ASM de Singapur, DSK de Taiwan, etc.<\/p>\n<p>Los principales clientes de JELE son: IMI de Reino Unido, GE de los Estados Unidos, FDI de los Estados Unidos, ABB de Suiza y Suecia, NORGREN de Alemania, Zeiss de Alemania, PANDUIT de los Estados Unidos, Schneider (China), KABA de Canad\u00e1, SHINWA de Jap\u00f3n, Ngailik de Hong Kong, Changhong de China, Panasonic de China, Shinco de China y otras marcas conocidas nacional y internacionalmente.<\/p>\n<\/div>\n<p>[\/et_pb_text][\/et_pb_column][\/et_pb_row][\/et_pb_section]<\/p>\n","protected":false},"excerpt":{"rendered":"<p>JELE Optical &amp; Machine Electronics (Shanghai) CO.,LTD. es una sociedad an\u00f3mina invertida por JELE en Shanghai. JELE es una empresa de fabricaci\u00f3n de componentes el\u00e9ctricos y electr\u00f3nicos profesional de tipo grupo. JELE respectivamente establece centros de I + D y f\u00e1bricas en la ciudad de Shanghai, la ciudad de Wenzhou, provincia de Zhejiang y la [&hellip;]<\/p>\n","protected":false},"author":1,"featured_media":0,"parent":0,"menu_order":0,"comment_status":"closed","ping_status":"closed","template":"","meta":{"_et_pb_use_builder":"on","_et_pb_old_content":"","_et_gb_content_width":"","footnotes":""},"yst_prominent_words":[],"class_list":["post-64","page","type-page","status-publish","hentry"],"_links":{"self":[{"href":"https:\/\/jele.com\/es\/wp-json\/wp\/v2\/pages\/64","targetHints":{"allow":["GET"]}}],"collection":[{"href":"https:\/\/jele.com\/es\/wp-json\/wp\/v2\/pages"}],"about":[{"href":"https:\/\/jele.com\/es\/wp-json\/wp\/v2\/types\/page"}],"author":[{"embeddable":true,"href":"https:\/\/jele.com\/es\/wp-json\/wp\/v2\/users\/1"}],"replies":[{"embeddable":true,"href":"https:\/\/jele.com\/es\/wp-json\/wp\/v2\/comments?post=64"}],"version-history":[{"count":0,"href":"https:\/\/jele.com\/es\/wp-json\/wp\/v2\/pages\/64\/revisions"}],"wp:attachment":[{"href":"https:\/\/jele.com\/es\/wp-json\/wp\/v2\/media?parent=64"}],"wp:term":[{"taxonomy":"yst_prominent_words","embeddable":true,"href":"https:\/\/jele.com\/es\/wp-json\/wp\/v2\/yst_prominent_words?post=64"}],"curies":[{"name":"wp","href":"https:\/\/api.w.org\/{rel}","templated":true}]}}